{"id":5838,"date":"2026-02-24T14:26:17","date_gmt":"2026-02-24T13:26:17","guid":{"rendered":"https:\/\/www.vadelleure.cat\/inicio\/"},"modified":"2026-03-31T13:14:45","modified_gmt":"2026-03-31T12:14:45","slug":"inicio","status":"publish","type":"page","link":"https:\/\/www.vadelleure.cat\/es\/","title":{"rendered":"Inicio"},"content":{"rendered":"\n<div class=\"gb-element-b04da889\">\n<div class=\"gb-element-34583620\">\n<p class=\"gb-text gb-text-0901297b\">Tiempo Libre Educativo Profesional<\/p>\n\n\n\n<h1 class=\"gb-text gb-text-336fb949 aos-fade\">Gesti\u00f3n de servicios educativos en tiempo libre<\/h1>\n\n\n\n<p class=\"gb-text gb-text-b3e37b25 text-shadow aos-slide-left\">En Va de Lleure somos una empresa especializada en la gesti\u00f3n de servicios educativos en el tiempo libre para escuelas.<\/p>\n\n\n<\/div>\n<\/div>\n\n<div class=\"gb-element-1f9bae33\">\n<div class=\"gb-element-15236123\">\n<p class=\"gb-text gb-text-745edd23\">Servicios<\/p>\n\n\n\n<h2 class=\"gb-text gb-text-86725992 aos-fade\">Servicios educativos para escuelas<\/h2>\n\n\n\n<p class=\"gb-text gb-text-cb26cd0d\">Ofrecemos un modelo de gesti\u00f3n integral que combina calidad pedag\u00f3gica, organizaci\u00f3n eficiente y comunicaci\u00f3n constante con el centro y las familias.<\/p>\n\n\n\n<div class=\"gb-element-cb92a680\">\n<div class=\"gb-element-24736edc aos-slide-right\">\n\n\n<img loading=\"lazy\" decoding=\"async\" width=\"135\" height=\"135\" class=\"gb-media-3d6b33e5\" alt=\"\" title=\"icon-2\" src=\"https:\/\/www.vadelleure.cat\/wp-content\/uploads\/2026\/02\/icon-2.png\">\n\n\n\n<h3 class=\"gb-text gb-text-3cb16e8d\">Actividades extraescolares<\/h3>\n<\/div>\n\n\n\n<div class=\"gb-element-3d7692c6 aos-slide-down\">\n<img loading=\"lazy\" decoding=\"async\" width=\"135\" height=\"135\" class=\"gb-media-b96088d5\" alt=\"\" title=\"icon-3\" src=\"https:\/\/www.vadelleure.cat\/wp-content\/uploads\/2026\/02\/icon-3.png\">\n\n\n\n\n\n<h3 class=\"gb-text gb-text-87d55579\">Casales y campus de verano<\/h3>\n<\/div>\n\n\n\n<div class=\"gb-element-0e33ca1e aos-slide-left\">\n\n\n<img loading=\"lazy\" decoding=\"async\" width=\"135\" height=\"135\" class=\"gb-media-6eb344da\" alt=\"\" title=\"icon-1\" src=\"https:\/\/www.vadelleure.cat\/wp-content\/uploads\/2026\/02\/icon-1.png\">\n\n\n\n<h3 class=\"gb-text gb-text-6f0da789\">Comedor escolar<\/h3>\n<\/div>\n\n\n\n<div class=\"gb-element-82c5406e aos-slide-right\">\n<img loading=\"lazy\" decoding=\"async\" width=\"135\" height=\"135\" class=\"gb-media-820ec5b2\" alt=\"\" title=\"icon-4\" src=\"https:\/\/www.vadelleure.cat\/wp-content\/uploads\/2026\/02\/icon-4.png\">\n\n\n\n\n\n<h3 class=\"gb-text gb-text-d527d016\">Colonias escolares<\/h3>\n<\/div>\n\n\n\n<div class=\"gb-element-57916a75 aos-slide-up\">\n\n\n<img loading=\"lazy\" decoding=\"async\" width=\"135\" height=\"135\" class=\"gb-media-e52a129f\" alt=\"\" title=\"icon-5\" src=\"https:\/\/www.vadelleure.cat\/wp-content\/uploads\/2026\/02\/icon-5.png\">\n\n\n\n<h3 class=\"gb-text gb-text-2c371139\">Monitoraje<\/h3>\n<\/div>\n\n\n\n<div class=\"gb-element-105eec42 aos-slide-left\">\n<img loading=\"lazy\" decoding=\"async\" width=\"135\" height=\"135\" class=\"gb-media-76e5e8b8\" alt=\"\" title=\"icon-6\" src=\"https:\/\/www.vadelleure.cat\/wp-content\/uploads\/2026\/02\/icon-6.png\">\n\n\n\n\n\n<h3 class=\"gb-text gb-text-c2ccbe5a\">Acojida<\/h3>\n<\/div>\n<\/div>\n<\/div>\n<\/div>\n\n<div class=\"gb-element-0542a253\">\n<div class=\"gb-element-472f07e6\">\n<div class=\"gb-element-031ba84e\">\n<div class=\"gb-element-3e05abe5 aos-slide-up\"><\/div>\n\n\n\n<div class=\"gb-element-19c92584\">\n<p class=\"gb-text gb-text-04b47a68\">EDUCACI\u00d3N EN EL TIEMPO LIBRE<\/p>\n\n\n\n<h2 class=\"gb-text gb-text-a727be8d aos-fade\">Impulsamos un tiempo libre educativo con recursos innovadores<\/h2>\n\n\n\n<p class=\"gb-text gb-text-d2ab1611\">Acompa\u00f1amos a los infantes en su desarrollo personal, emocional y social a trav\u00e9s de experiencias significativas dentro y fuera de la escuela.<\/p>\n\n\n\n<div class=\"gb-element-430626b0\">\n<div class=\"gb-element-f3a20c34 aos-flip-left\">\n<div>\n<img loading=\"lazy\" decoding=\"async\" width=\"128\" height=\"125\" class=\"gb-media-19317e7f\" alt=\"\" title=\"icon-7\" src=\"https:\/\/www.vadelleure.cat\/wp-content\/uploads\/2026\/02\/icon-7.png\">\n\n\n<\/div>\n\n\n\n<div>\n<p class=\"gb-text gb-text-15edc7f4\"><strong>Crecimiento personal<\/strong><\/p>\n\n\n\n<p class=\"gb-text gb-text-c9c2f6ba\">Acompa\u00f1amos a los infantes en sus espacios de ocio, potenciando la autonom\u00eda, la autoestima y las habilidades sociales en un entorno seguro y enriquecedor.<\/p>\n<\/div>\n<\/div>\n\n\n\n<div class=\"gb-element-3d7ea913 aos-flip-left\">\n<div>\n<img loading=\"lazy\" decoding=\"async\" width=\"128\" height=\"125\" class=\"gb-media-6b30d2a6\" alt=\"\" title=\"icon-8\" src=\"https:\/\/www.vadelleure.cat\/wp-content\/uploads\/2026\/02\/icon-8.png\">\n\n\n<\/div>\n\n\n\n<div>\n<p class=\"gb-text gb-text-1cbca38e\"><strong>Atenci\u00f3n a la diversidad<\/strong><\/p>\n\n\n\n<p class=\"gb-text gb-text-966bf90a\">Adaptamos cada propuesta a las necesidades individuales, ofreciendo recursos pedag\u00f3gicos de calidad que garantizan una educaci\u00f3n inclusiva y respetuosa.<\/p>\n<\/div>\n<\/div>\n\n\n\n<div class=\"gb-element-60b6de80 aos-flip-left\">\n<div>\n<img loading=\"lazy\" decoding=\"async\" width=\"128\" height=\"125\" class=\"gb-media-4e82f98d\" alt=\"\" title=\"icon-9\" src=\"https:\/\/www.vadelleure.cat\/wp-content\/uploads\/2026\/02\/icon-9.png\">\n\n\n<\/div>\n\n\n\n<div>\n<p class=\"gb-text gb-text-6d5edd88\"><strong>Conciliaci\u00f3n familiar<\/strong><\/p>\n\n\n\n<p class=\"gb-text gb-text-4f3c11b0\">Facilitamos la conciliaci\u00f3n con servicios de tiempo libre educativo que combinan diversi\u00f3n, aprendizaje y tranquilidad para las familias.<\/p>\n<\/div>\n<\/div>\n<\/div>\n<\/div>\n<\/div>\n<\/div>\n<\/div>\n\n<div class=\"gb-element-2cdc99dc\">\n<div class=\"gb-element-de770a25\">\n<p class=\"gb-text gb-text-da44f096\">MIRADA PEDAG\u00d3GICA<\/p>\n\n\n\n<h2 class=\"gb-text gb-text-c6ffbcda aos-fade\">Educaci\u00f3n en el tiempo libre en la escuela<\/h2>\n\n\n\n<p class=\"gb-text gb-text-56b2e482\">Educar tambi\u00e9n es ense\u00f1ar a vivir el tiempo libre con sentido. Convertimos cada espacio fuera del aula en una oportunidad de aprendizaje, convivencia y crecimiento personal. <\/p>\n\n\n\n<div class=\"gb-element-da4c81be\">\n<div class=\"gb-element-cecfac58 aos-fade-up\">\n<img loading=\"lazy\" decoding=\"async\" width=\"135\" height=\"135\" class=\"gb-media-21e30520\" alt=\"\" title=\"icon-1\" src=\"https:\/\/www.vadelleure.cat\/wp-content\/uploads\/2026\/02\/icon-1.png\">\n\n\n\n\n\n<h3 class=\"gb-text gb-text-7716428e\">Comedores escolares<\/h3>\n\n\n\n<p class=\"gb-text gb-text-e8925a5f\">Gestionamos el servicio de comedor escolar con una propuesta educativa propia, ya sea con cocina in situ o servicio de catering.<\/p>\n\n\n\n<p class=\"gb-text-38660c81 saber\"><span class=\"gb-text\"><a href=\"https:\/\/www.vadelleure.cat\/es\/comedores-escolares\/\">SABER M\u00c1S<\/a><\/span><span class=\"gb-shape\"><svg xmlns=\"http:\/\/www.w3.org\/2000\/svg\" aria-hidden=\"true\" role=\"img\" height=\"1em\" width=\"1em\" viewbox=\"0 0 256 512\"><path fill=\"currentColor\" d=\"M224.3 273l-136 136c-9.4 9.4-24.6 9.4-33.9 0l-22.6-22.6c-9.4-9.4-9.4-24.6 0-33.9l96.4-96.4-96.4-96.4c-9.4-9.4-9.4-24.6 0-33.9L54.3 103c9.4-9.4 24.6-9.4 33.9 0l136 136c9.5 9.4 9.5 24.6.1 34z\"><\/path><\/svg><\/span><\/p>\n<\/div>\n\n\n\n<div class=\"gb-element-d2ce5fe4 aos-fade-down\">\n<img loading=\"lazy\" decoding=\"async\" width=\"135\" height=\"135\" class=\"gb-media-2dc94a5b\" alt=\"\" title=\"icon-2\" src=\"https:\/\/www.vadelleure.cat\/wp-content\/uploads\/2026\/02\/icon-2.png\">\n\n\n\n\n\n<h3 class=\"gb-text gb-text-fb76eaf6\">Actividades extraescolares<\/h3>\n\n\n\n<p class=\"gb-text gb-text-fa3ab31b\">Dinamizamos actividades extraescolares educativas y l\u00fadicas organizadas por edades, intereses y competencias.<\/p>\n\n\n\n<p class=\"gb-text-7fcdabe4 saber\"><span class=\"gb-text\"><a href=\"https:\/\/www.vadelleure.cat\/es\/actividades-extraescolares\/\">SABER M\u00c1S<\/a><\/span><span class=\"gb-shape\"><svg xmlns=\"http:\/\/www.w3.org\/2000\/svg\" aria-hidden=\"true\" role=\"img\" height=\"1em\" width=\"1em\" viewbox=\"0 0 256 512\"><path fill=\"currentColor\" d=\"M224.3 273l-136 136c-9.4 9.4-24.6 9.4-33.9 0l-22.6-22.6c-9.4-9.4-9.4-24.6 0-33.9l96.4-96.4-96.4-96.4c-9.4-9.4-9.4-24.6 0-33.9L54.3 103c9.4-9.4 24.6-9.4 33.9 0l136 136c9.5 9.4 9.5 24.6.1 34z\"><\/path><\/svg><\/span><\/p>\n<\/div>\n\n\n\n<div class=\"gb-element-e4f27617 aos-fade-up\">\n<img loading=\"lazy\" decoding=\"async\" width=\"135\" height=\"135\" class=\"gb-media-09109611\" alt=\"\" title=\"icon-3\" src=\"https:\/\/www.vadelleure.cat\/wp-content\/uploads\/2026\/02\/icon-3.png\">\n\n\n\n\n\n<h3 class=\"gb-text gb-text-cb1785d5\">Casales y colonias<\/h3>\n\n\n\n<p class=\"gb-text gb-text-cbdfbb5c\">Dise\u00f1amos casales y colonias escolares a partir de un centro de inter\u00e9s pedag\u00f3gico que da coherencia a todas las actividades.<\/p>\n\n\n\n<p class=\"gb-text-edf02c09 saber\"><span class=\"gb-text\"><a href=\"https:\/\/www.vadelleure.cat\/es\/casales-campus-verano\/\">SABER M\u00c1S<\/a><\/span><span class=\"gb-shape\"><svg xmlns=\"http:\/\/www.w3.org\/2000\/svg\" aria-hidden=\"true\" role=\"img\" height=\"1em\" width=\"1em\" viewbox=\"0 0 256 512\"><path fill=\"currentColor\" d=\"M224.3 273l-136 136c-9.4 9.4-24.6 9.4-33.9 0l-22.6-22.6c-9.4-9.4-9.4-24.6 0-33.9l96.4-96.4-96.4-96.4c-9.4-9.4-9.4-24.6 0-33.9L54.3 103c9.4-9.4 24.6-9.4 33.9 0l136 136c9.5 9.4 9.5 24.6.1 34z\"><\/path><\/svg><\/span><\/p>\n<\/div>\n<\/div>\n<\/div>\n<\/div>\n\n<div class=\"gb-element-00b0e5d3\">\n<div class=\"gb-element-38702831\">\n<div class=\"gb-element-2b10b555\">\n<div class=\"gb-element-7f95490a\">\n<p class=\"gb-text gb-text-f5dcf2a4\">CASA DE COLONIAS MAS CAN PIC<\/p>\n\n\n\n<h2 class=\"gb-text gb-text-044805bc aos-fade\">Colonias y tiempo libre familiar en Mas Can Pic<\/h2>\n\n\n\n<h3 class=\"gb-text gb-text-5b89057c\">Una masia catalana amb hist\u00f2ria en plena natura<\/h3>\n\n\n\n<p class=\"gb-text gb-text-289ac014\">Mas Can Pic es una mas\u00eda catalana con m\u00e1s de 17 hect\u00e1reas de terreno, habilitada como casa de colonias en un entorno natural privilegiado.<\/p>\n\n\n\n<p class=\"gb-text gb-text-ecd37979\">Es el entorno ideal para colonias escolares, estancias de ocio familiar, convivencias y celebraciones. Sus instalaciones incluyen: <\/p>\n\n\n\n<div class=\"gb-element-94f86982\">\n<div class=\"gb-element-e0f2f4a3\">\n<p class=\"gb-text-abf1476e\"><span class=\"gb-shape\"><svg xmlns=\"http:\/\/www.w3.org\/2000\/svg\" aria-hidden=\"true\" role=\"img\" height=\"1em\" width=\"1em\" viewbox=\"0 0 512 512\"><path fill=\"currentColor\" d=\"M256 8C119.033 8 8 119.033 8 256s111.033 248 248 248 248-111.033 248-248S392.967 8 256 8zm0 48c110.532 0 200 89.451 200 200 0 110.532-89.451 200-200 200-110.532 0-200-89.451-200-200 0-110.532 89.451-200 200-200m140.204 130.267l-22.536-22.718c-4.667-4.705-12.265-4.736-16.97-.068L215.346 303.697l-59.792-60.277c-4.667-4.705-12.265-4.736-16.97-.069l-22.719 22.536c-4.705 4.667-4.736 12.265-.068 16.971l90.781 91.516c4.667 4.705 12.265 4.736 16.97.068l172.589-171.204c4.704-4.668 4.734-12.266.067-16.971z\"><\/path><\/svg><\/span><span class=\"gb-text\">Campo de f\u00fatbol<\/span><\/p>\n\n\n\n<p class=\"gb-text-842711d7\"><span class=\"gb-shape\"><svg xmlns=\"http:\/\/www.w3.org\/2000\/svg\" aria-hidden=\"true\" role=\"img\" height=\"1em\" width=\"1em\" viewbox=\"0 0 512 512\"><path fill=\"currentColor\" d=\"M256 8C119.033 8 8 119.033 8 256s111.033 248 248 248 248-111.033 248-248S392.967 8 256 8zm0 48c110.532 0 200 89.451 200 200 0 110.532-89.451 200-200 200-110.532 0-200-89.451-200-200 0-110.532 89.451-200 200-200m140.204 130.267l-22.536-22.718c-4.667-4.705-12.265-4.736-16.97-.068L215.346 303.697l-59.792-60.277c-4.667-4.705-12.265-4.736-16.97-.069l-22.719 22.536c-4.705 4.667-4.736 12.265-.068 16.971l90.781 91.516c4.667 4.705 12.265 4.736 16.97.068l172.589-171.204c4.704-4.668 4.734-12.266.067-16.971z\"><\/path><\/svg><\/span><span class=\"gb-text\">Piscina<\/span><\/p>\n\n\n\n<p class=\"gb-text-fdb331a1\"><span class=\"gb-shape\"><svg xmlns=\"http:\/\/www.w3.org\/2000\/svg\" aria-hidden=\"true\" role=\"img\" height=\"1em\" width=\"1em\" viewbox=\"0 0 512 512\"><path fill=\"currentColor\" d=\"M256 8C119.033 8 8 119.033 8 256s111.033 248 248 248 248-111.033 248-248S392.967 8 256 8zm0 48c110.532 0 200 89.451 200 200 0 110.532-89.451 200-200 200-110.532 0-200-89.451-200-200 0-110.532 89.451-200 200-200m140.204 130.267l-22.536-22.718c-4.667-4.705-12.265-4.736-16.97-.068L215.346 303.697l-59.792-60.277c-4.667-4.705-12.265-4.736-16.97-.069l-22.719 22.536c-4.705 4.667-4.736 12.265-.068 16.971l90.781 91.516c4.667 4.705 12.265 4.736 16.97.068l172.589-171.204c4.704-4.668 4.734-12.266.067-16.971z\"><\/path><\/svg><\/span><span class=\"gb-text\">Granja<\/span><\/p>\n<\/div>\n\n\n\n<div class=\"gb-element-3bf559f9\">\n<p class=\"gb-text-4bbed914\"><span class=\"gb-shape\"><svg xmlns=\"http:\/\/www.w3.org\/2000\/svg\" aria-hidden=\"true\" role=\"img\" height=\"1em\" width=\"1em\" viewbox=\"0 0 512 512\"><path fill=\"currentColor\" d=\"M256 8C119.033 8 8 119.033 8 256s111.033 248 248 248 248-111.033 248-248S392.967 8 256 8zm0 48c110.532 0 200 89.451 200 200 0 110.532-89.451 200-200 200-110.532 0-200-89.451-200-200 0-110.532 89.451-200 200-200m140.204 130.267l-22.536-22.718c-4.667-4.705-12.265-4.736-16.97-.068L215.346 303.697l-59.792-60.277c-4.667-4.705-12.265-4.736-16.97-.069l-22.719 22.536c-4.705 4.667-4.736 12.265-.068 16.971l90.781 91.516c4.667 4.705 12.265 4.736 16.97.068l172.589-171.204c4.704-4.668 4.734-12.266.067-16.971z\"><\/path><\/svg><\/span><span class=\"gb-text\">Comedor para eventos<\/span><\/p>\n\n\n\n<p class=\"gb-text-eb3a82cb\"><span class=\"gb-shape\"><svg xmlns=\"http:\/\/www.w3.org\/2000\/svg\" aria-hidden=\"true\" role=\"img\" height=\"1em\" width=\"1em\" viewbox=\"0 0 512 512\"><path fill=\"currentColor\" d=\"M256 8C119.033 8 8 119.033 8 256s111.033 248 248 248 248-111.033 248-248S392.967 8 256 8zm0 48c110.532 0 200 89.451 200 200 0 110.532-89.451 200-200 200-110.532 0-200-89.451-200-200 0-110.532 89.451-200 200-200m140.204 130.267l-22.536-22.718c-4.667-4.705-12.265-4.736-16.97-.068L215.346 303.697l-59.792-60.277c-4.667-4.705-12.265-4.736-16.97-.069l-22.719 22.536c-4.705 4.667-4.736 12.265-.068 16.971l90.781 91.516c4.667 4.705 12.265 4.736 16.97.068l172.589-171.204c4.704-4.668 4.734-12.266.067-16.971z\"><\/path><\/svg><\/span><span class=\"gb-text\">Amplios espacios verdes para actividades al aire libre<\/span><\/p>\n<\/div>\n<\/div>\n<\/div>\n\n\n\n<div class=\"gb-element-66aaf3ba aos-slide-left\"><\/div>\n<\/div>\n<\/div>\n<\/div>\n\n<div class=\"gb-element-4c2d6922\">\n<div class=\"gb-element-4f9c9345\">\n<p class=\"gb-text gb-text-fa5ce5c9\">PIDE TU PRESUPUESTO<\/p>\n\n\n\n<h2 class=\"gb-text gb-text-4521ce86 aos-fade\">\u00bfBuscas una empresa para gestionar tu comedor escolar o servicio de tiempo libre?<\/h2>\n\n\n\n<p class=\"gb-text gb-text-7339ef43\">Si quieres mejorar o externalizar la gesti\u00f3n del comedor escolar, actividades extraescolares o cualquier servicio de ocio educativo, te proponemos una soluci\u00f3n personalizada y adaptada a las necesidades de tu centro.<\/p>\n\n\n\n<p class=\"gb-text gb-text-be002ad6\">Hablamos y construimos juntos un proyecto educativo s\u00f3lido, coherente y de calidad.<\/p>\n\n\n\n<a class=\"gb-text gb-text-4a9a1e89\" href=\"https:\/\/www.vadelleure.cat\/es\/contacto\/\">contactar ahora<\/a>\n<\/div>\n<\/div>\n\n<div class=\"gb-element-da92737d\">\n<div class=\"gb-element-00716947\">\n<div class=\"gb-element-c7cc6707\">\n<p class=\"gb-text gb-text-007c8e4f\">FAQ<\/p>\n<\/div>\n\n\n\n<h2 class=\"gb-text gb-text-0b1d8adc aos-fade\">Preguntas frecuentes<\/h2>\n\n\n<div id=\"rank-math-faq\" class=\"rank-math-block\">\n<div class=\"rank-math-list \">\n<div id=\"faq-question-1771865592222\" class=\"rank-math-list-item\">\n<h3 class=\"rank-math-question \">\u00bfQu\u00e9 servicios educativos ofrece Va de Lleure?<\/h3>\n<div class=\"rank-math-answer \">\n\n<p>Ofrecemos la gesti\u00f3n integral de comedores escolares, actividades extraescolares, casales y campus de verano, colonias escolares, servicios de acogida y talleres educativos para escuelas, AFA y ayuntamientos.<\/p>\n\n<\/div>\n<\/div>\n<div id=\"faq-question-1771865595611\" class=\"rank-math-list-item\">\n<h3 class=\"rank-math-question \">\u00bfA qu\u00e9 etapas educativas se dirigen sus servicios?<\/h3>\n<div class=\"rank-math-answer \">\n\n<p>Principalmente trabajamos con centros de educaci\u00f3n infantil, primaria y secundaria, adaptando cada actividad a la edad y necesidades de los ni\u00f1os.<\/p>\n\n<\/div>\n<\/div>\n<div id=\"faq-question-1771865597546\" class=\"rank-math-list-item\">\n<h3 class=\"rank-math-question \">\u00bfLos monitores y monitoras est\u00e1n titulados?<\/h3>\n<div class=\"rank-math-answer \">\n\n<p>S\u00ed. Todo nuestro equipo dispone de titulaci\u00f3n en educaci\u00f3n en el tiempo libre y cuenta con experiencia y formaci\u00f3n continua. <\/p>\n\n<\/div>\n<\/div>\n<div id=\"faq-question-1771865598155\" class=\"rank-math-list-item\">\n<h3 class=\"rank-math-question \">\u00bfGestion\u00e1is las inscripciones y la comunicaci\u00f3n con las familias?<\/h3>\n<div class=\"rank-math-answer \">\n\n<p>S\u00ed. Nos encargamos de la gesti\u00f3n administrativa, las inscripciones, la coordinaci\u00f3n con el centro y la comunicaci\u00f3n con las familias. <\/p>\n\n<\/div>\n<\/div>\n<div id=\"faq-question-1771865725125\" class=\"rank-math-list-item\">\n<h3 class=\"rank-math-question \">\u00bfOfrece servicios fuera de Granollers?<\/h3>\n<div class=\"rank-math-answer \">\n\n<p>S\u00ed. A pesar de tener su sede en Granollers, trabajamos con centros educativos de toda Catalu\u00f1a. <\/p>\n\n<\/div>\n<\/div>\n<div id=\"faq-question-1771940580400\" class=\"rank-math-list-item\">\n<h3 class=\"rank-math-question \">\u00bfSe pueden adaptar los servicios al proyecto educativo del centro?<\/h3>\n<div class=\"rank-math-answer \">\n\n<p>S\u00ed. Cada proyecto se dise\u00f1a de forma personalizada para garantizar coherencia con el proyecto educativo del centro y las necesidades espec\u00edficas de la comunidad educativa. <\/p>\n\n<\/div>\n<\/div>\n<\/div>\n<\/div><\/div>\n<\/div>\n\n<div class=\"logo-marquee\">\n<div class=\"gb-element-0f3f03b3 logo-track\">\n<img loading=\"lazy\" decoding=\"async\" width=\"720\" height=\"436\" class=\"gb-media-5090d2b8\" alt=\"\" title=\"escola_sant_jordi_pineda\" src=\"https:\/\/www.vadelleure.cat\/wp-content\/uploads\/2026\/02\/escola_sant_jordi_pineda.jpg\" srcset=\"https:\/\/www.vadelleure.cat\/wp-content\/uploads\/2026\/02\/escola_sant_jordi_pineda.jpg 720w, https:\/\/www.vadelleure.cat\/wp-content\/uploads\/2026\/02\/escola_sant_jordi_pineda-300x182.jpg 300w\" sizes=\"auto, (max-width: 720px) 100vw, 720px\" \/>\n\n\n\n<img loading=\"lazy\" decoding=\"async\" width=\"590\" height=\"300\" class=\"gb-media-aa9da381\" alt=\"\" title=\"escola_sant_jordi\" src=\"https:\/\/www.vadelleure.cat\/wp-content\/uploads\/2026\/02\/escola_sant_jordi.jpg\" srcset=\"https:\/\/www.vadelleure.cat\/wp-content\/uploads\/2026\/02\/escola_sant_jordi.jpg 590w, https:\/\/www.vadelleure.cat\/wp-content\/uploads\/2026\/02\/escola_sant_jordi-300x153.jpg 300w\" sizes=\"auto, (max-width: 590px) 100vw, 590px\" \/>\n\n\n\n<img loading=\"lazy\" decoding=\"async\" width=\"350\" height=\"180\" class=\"gb-media-6015148e\" alt=\"\" title=\"escola_salvador_espriu\" src=\"https:\/\/www.vadelleure.cat\/wp-content\/uploads\/2026\/02\/escola_salvador_espriu.jpg\" srcset=\"https:\/\/www.vadelleure.cat\/wp-content\/uploads\/2026\/02\/escola_salvador_espriu.jpg 350w, https:\/\/www.vadelleure.cat\/wp-content\/uploads\/2026\/02\/escola_salvador_espriu-300x154.jpg 300w\" sizes=\"auto, (max-width: 350px) 100vw, 350px\" \/>\n\n\n\n<img loading=\"lazy\" decoding=\"async\" width=\"280\" height=\"150\" class=\"gb-media-d33868d6\" alt=\"\" title=\"escola_poblenou\" src=\"https:\/\/www.vadelleure.cat\/wp-content\/uploads\/2026\/02\/escola_poblenou.jpg\">\n\n\n\n<img loading=\"lazy\" decoding=\"async\" width=\"350\" height=\"300\" class=\"gb-media-ae158d5f\" alt=\"\" title=\"escola_joan_casas\" src=\"https:\/\/www.vadelleure.cat\/wp-content\/uploads\/2026\/02\/escola_joan_casas.jpg\" srcset=\"https:\/\/www.vadelleure.cat\/wp-content\/uploads\/2026\/02\/escola_joan_casas.jpg 350w, https:\/\/www.vadelleure.cat\/wp-content\/uploads\/2026\/02\/escola_joan_casas-300x257.jpg 300w\" sizes=\"auto, (max-width: 350px) 100vw, 350px\" \/>\n\n\n\n<img loading=\"lazy\" decoding=\"async\" width=\"757\" height=\"291\" class=\"gb-media-2f0eca20\" alt=\"\" title=\"afa_marta_mata\" src=\"https:\/\/www.vadelleure.cat\/wp-content\/uploads\/2026\/02\/afa_marta_mata.jpg\" srcset=\"https:\/\/www.vadelleure.cat\/wp-content\/uploads\/2026\/02\/afa_marta_mata.jpg 757w, https:\/\/www.vadelleure.cat\/wp-content\/uploads\/2026\/02\/afa_marta_mata-300x115.jpg 300w\" sizes=\"auto, (max-width: 757px) 100vw, 757px\" \/>\n\n\n\n<img loading=\"lazy\" decoding=\"async\" width=\"581\" height=\"153\" class=\"gb-media-46c65140\" alt=\"\" title=\"afa_escola_vallmanya\" src=\"https:\/\/www.vadelleure.cat\/wp-content\/uploads\/2026\/02\/afa_escola_vallmanya.png\" srcset=\"https:\/\/www.vadelleure.cat\/wp-content\/uploads\/2026\/02\/afa_escola_vallmanya.png 581w, https:\/\/www.vadelleure.cat\/wp-content\/uploads\/2026\/02\/afa_escola_vallmanya-300x79.png 300w\" sizes=\"auto, (max-width: 581px) 100vw, 581px\" \/>\n\n\n\n<img loading=\"lazy\" decoding=\"async\" width=\"2362\" height=\"2362\" class=\"gb-media-dc5a3081\" alt=\"\" title=\"escola_els_picots\" src=\"https:\/\/www.vadelleure.cat\/wp-content\/uploads\/2026\/02\/escola_els_picots.jpg\" srcset=\"https:\/\/www.vadelleure.cat\/wp-content\/uploads\/2026\/02\/escola_els_picots.jpg 2362w, https:\/\/www.vadelleure.cat\/wp-content\/uploads\/2026\/02\/escola_els_picots-300x300.jpg 300w, https:\/\/www.vadelleure.cat\/wp-content\/uploads\/2026\/02\/escola_els_picots-1024x1024.jpg 1024w, https:\/\/www.vadelleure.cat\/wp-content\/uploads\/2026\/02\/escola_els_picots-150x150.jpg 150w, https:\/\/www.vadelleure.cat\/wp-content\/uploads\/2026\/02\/escola_els_picots-768x768.jpg 768w, https:\/\/www.vadelleure.cat\/wp-content\/uploads\/2026\/02\/escola_els_picots-1536x1536.jpg 1536w, https:\/\/www.vadelleure.cat\/wp-content\/uploads\/2026\/02\/escola_els_picots-2048x2048.jpg 2048w\" sizes=\"auto, (max-width: 2362px) 100vw, 2362px\" \/>\n\n\n\n<img loading=\"lazy\" decoding=\"async\" width=\"1409\" height=\"1409\" class=\"gb-media-3f5be3ae\" alt=\"\" title=\"escola_del_bosc\" src=\"https:\/\/www.vadelleure.cat\/wp-content\/uploads\/2026\/02\/escola_del_bosc.png\" srcset=\"https:\/\/www.vadelleure.cat\/wp-content\/uploads\/2026\/02\/escola_del_bosc.png 1409w, https:\/\/www.vadelleure.cat\/wp-content\/uploads\/2026\/02\/escola_del_bosc-300x300.png 300w, https:\/\/www.vadelleure.cat\/wp-content\/uploads\/2026\/02\/escola_del_bosc-1024x1024.png 1024w, https:\/\/www.vadelleure.cat\/wp-content\/uploads\/2026\/02\/escola_del_bosc-150x150.png 150w, https:\/\/www.vadelleure.cat\/wp-content\/uploads\/2026\/02\/escola_del_bosc-768x768.png 768w\" sizes=\"auto, (max-width: 1409px) 100vw, 1409px\" \/>\n\n\n\n<img loading=\"lazy\" decoding=\"async\" width=\"512\" height=\"512\" class=\"gb-media-49b3f559\" alt=\"\" title=\"afa_escola_el_far\" src=\"https:\/\/www.vadelleure.cat\/wp-content\/uploads\/2026\/02\/afa_escola_el_far.png\" srcset=\"https:\/\/www.vadelleure.cat\/wp-content\/uploads\/2026\/02\/afa_escola_el_far.png 512w, https:\/\/www.vadelleure.cat\/wp-content\/uploads\/2026\/02\/afa_escola_el_far-300x300.png 300w, https:\/\/www.vadelleure.cat\/wp-content\/uploads\/2026\/02\/afa_escola_el_far-150x150.png 150w\" sizes=\"auto, (max-width: 512px) 100vw, 512px\" \/>\n\n\n\n<img loading=\"lazy\" decoding=\"async\" width=\"260\" height=\"170\" class=\"gb-media-6f76b697\" alt=\"\" title=\"client-5\" src=\"https:\/\/www.vadelleure.cat\/wp-content\/uploads\/2026\/02\/client-5.jpg\">\n\n\n\n<img loading=\"lazy\" decoding=\"async\" width=\"260\" height=\"170\" class=\"gb-media-d5cb908d\" alt=\"\" title=\"client-4\" src=\"https:\/\/www.vadelleure.cat\/wp-content\/uploads\/2026\/02\/client-4.jpg\">\n\n\n\n<img loading=\"lazy\" decoding=\"async\" width=\"260\" height=\"170\" class=\"gb-media-8ee02436\" alt=\"\" title=\"client-3\" src=\"https:\/\/www.vadelleure.cat\/wp-content\/uploads\/2026\/02\/client-3.jpg\">\n\n\n\n<img loading=\"lazy\" decoding=\"async\" width=\"260\" height=\"170\" class=\"gb-media-253ec3b1\" alt=\"\" title=\"client-2\" src=\"https:\/\/www.vadelleure.cat\/wp-content\/uploads\/2026\/02\/client-2.jpg\">\n\n\n\n<img loading=\"lazy\" decoding=\"async\" width=\"300\" height=\"140\" class=\"gb-media-ea45625c\" alt=\"\" title=\"tiana_de_la_riba\" src=\"https:\/\/www.vadelleure.cat\/wp-content\/uploads\/2026\/02\/tiana_de_la_riba.jpg\">\n\n\n\n<img loading=\"lazy\" decoding=\"async\" width=\"236\" height=\"148\" class=\"gb-media-4232d7d0\" alt=\"\" title=\"virsa\" src=\"https:\/\/www.vadelleure.cat\/wp-content\/uploads\/2026\/02\/virsa.png\">\n\n\n\n<img loading=\"lazy\" decoding=\"async\" width=\"1280\" height=\"720\" class=\"gb-media-8c308c8d\" alt=\"\" title=\"educem\" src=\"https:\/\/www.vadelleure.cat\/wp-content\/uploads\/2026\/02\/educem.jpg\" srcset=\"https:\/\/www.vadelleure.cat\/wp-content\/uploads\/2026\/02\/educem.jpg 1280w, https:\/\/www.vadelleure.cat\/wp-content\/uploads\/2026\/02\/educem-300x169.jpg 300w, https:\/\/www.vadelleure.cat\/wp-content\/uploads\/2026\/02\/educem-1024x576.jpg 1024w, https:\/\/www.vadelleure.cat\/wp-content\/uploads\/2026\/02\/educem-768x432.jpg 768w\" sizes=\"auto, (max-width: 1280px) 100vw, 1280px\" \/>\n<\/div>\n<\/div>\n","protected":false},"excerpt":{"rendered":"<p>Tiempo Libre Educativo Profesional Gesti\u00f3n de servicios educativos en tiempo libre En Va de Lleure somos una empresa especializada en la gesti\u00f3n de servicios educativos en el tiempo libre para escuelas. Servicios Servicios educativos para escuelas Ofrecemos un modelo de &#8230; <a title=\"Inicio\" class=\"read-more\" href=\"https:\/\/www.vadelleure.cat\/es\/\" aria-label=\"Leer m\u00e1s sobre Inicio\">Read More<\/a><\/p>\n","protected":false},"author":1,"featured_media":0,"parent":0,"menu_order":0,"comment_status":"closed","ping_status":"closed","template":"","meta":{"footnotes":""},"class_list":["post-5838","page","type-page","status-publish"],"_links":{"self":[{"href":"https:\/\/www.vadelleure.cat\/es\/wp-json\/wp\/v2\/pages\/5838","targetHints":{"allow":["GET"]}}],"collection":[{"href":"https:\/\/www.vadelleure.cat\/es\/wp-json\/wp\/v2\/pages"}],"about":[{"href":"https:\/\/www.vadelleure.cat\/es\/wp-json\/wp\/v2\/types\/page"}],"author":[{"embeddable":true,"href":"https:\/\/www.vadelleure.cat\/es\/wp-json\/wp\/v2\/users\/1"}],"replies":[{"embeddable":true,"href":"https:\/\/www.vadelleure.cat\/es\/wp-json\/wp\/v2\/comments?post=5838"}],"version-history":[{"count":10,"href":"https:\/\/www.vadelleure.cat\/es\/wp-json\/wp\/v2\/pages\/5838\/revisions"}],"predecessor-version":[{"id":6032,"href":"https:\/\/www.vadelleure.cat\/es\/wp-json\/wp\/v2\/pages\/5838\/revisions\/6032"}],"wp:attachment":[{"href":"https:\/\/www.vadelleure.cat\/es\/wp-json\/wp\/v2\/media?parent=5838"}],"curies":[{"name":"wp","href":"https:\/\/api.w.org\/{rel}","templated":true}]}}