{"id":5852,"date":"2026-02-26T10:59:22","date_gmt":"2026-02-26T09:59:22","guid":{"rendered":"https:\/\/www.vadelleure.cat\/casals-campus-verano\/academia-extraordinaria\/"},"modified":"2026-03-30T12:41:21","modified_gmt":"2026-03-30T11:41:21","slug":"academia-extraordinaria","status":"publish","type":"page","link":"https:\/\/www.vadelleure.cat\/es\/casales-campus-verano\/academia-extraordinaria\/","title":{"rendered":"Academia Extraordinaria"},"content":{"rendered":"\n<div class=\"gb-element-b04da889\">\n<div class=\"gb-element-34583620\">\n<p class=\"gb-text gb-text-0901297b\">TIEMPO LIBRE EDUCATIVO PROFESIONAL<\/p>\n\n\n\n<h1 class=\"gb-text gb-text-336fb949 text-shadow aos-fade\"><mark style=\"background-color:rgba(0, 0, 0, 0)\" class=\"has-inline-color has-base-3-color\">Acad\u00e8mia Extraordin\u00e0ria<\/mark><\/h1>\n\n\n\n<img loading=\"lazy\" decoding=\"async\" width=\"1024\" height=\"944\" class=\"gb-media-f56fb511\" alt=\"\" title=\"LOGO-VADELLEURE-CLAIM-BLAU-1024x944\" src=\"https:\/\/www.vadelleure.cat\/wp-content\/uploads\/2026\/02\/LOGO-VADELLEURE-CLAIM-BLAU-1024x944-1.png\" srcset=\"https:\/\/www.vadelleure.cat\/wp-content\/uploads\/2026\/02\/LOGO-VADELLEURE-CLAIM-BLAU-1024x944-1.png 1024w, https:\/\/www.vadelleure.cat\/wp-content\/uploads\/2026\/02\/LOGO-VADELLEURE-CLAIM-BLAU-1024x944-1-300x277.png 300w, https:\/\/www.vadelleure.cat\/wp-content\/uploads\/2026\/02\/LOGO-VADELLEURE-CLAIM-BLAU-1024x944-1-768x708.png 768w\" sizes=\"auto, (max-width: 1024px) 100vw, 1024px\" \/>\n<\/div>\n<\/div>\n\n<div class=\"gb-element-816b76db\">\n<div class=\"gb-element-5d78f74d\">\n<div class=\"gb-element-9c785a57\">\n<div class=\"gb-element-4551b093\">\n<p class=\"gb-text gb-text-9194b1f7\">Nos encontramos en una academia extraordinaria, a la que s\u00f3lo tienen acceso personas superespeciales para formarse como superh\u00e9roes y superhero\u00ednas.<\/p>\n\n\n\n<p class=\"gb-text gb-text-576e3ebf\">El\/la director\/a de la academia ser\u00e1 el encargado de pedir ayuda a antiguos alumnos para encontrar algunos utensilios que nos ha escondido Paparra, una antigua alumna de la academia que es muy bromista con los ni\u00f1os del casal.<\/p>\n\n\n\n<p class=\"gb-text gb-text-4d025500\">SuperGadget, un antiguo alumno y actual superh\u00e9roe, ha trabajado duro para preparar un kit de herramientas para cada uno de nuestros superh\u00e9roes y superh\u00e9roes pero \u00a1Paparra le ha hecho la coz una vez m\u00e1s y le ha esparcido, mezclado y perdido!<\/p>\n\n\n\n<p class=\"gb-text gb-text-5f60ec10\">\u00c9l y otros ex-alumnos como Superrray o Dra, Neurona nos compartir\u00e1n sus superpoderes y los pondremos en pr\u00e1ctica para acabar encontrando aquellas cualidades que nos hacen personas \u00fanicas y especiales!<\/p>\n\n\n\n<a class=\"gb-text gb-text-0e5ea881\" href=\"https:\/\/www.vadelleure.cat\/es\/contacto\/\">contactar ahora<\/a>\n<\/div>\n\n\n\n<div class=\"gb-element-2bba66bc\"><\/div>\n<\/div>\n<\/div>\n<\/div>\n\n<div class=\"gb-element-e04a1ce7\">\n<div class=\"gb-element-ffff2937\">\n<p class=\"gb-text gb-text-da44f096\">\u00a1Un verano lleno de magia!<\/p>\n\n\n\n<h2 class=\"gb-text gb-text-3bce02fd aos-fade\"><mark style=\"background-color:rgba(0, 0, 0, 0)\" class=\"has-inline-color has-base-3-color\">TIPO DE ACTIVIDADES<\/mark><\/h2>\n\n\n\n<div class=\"gb-element-51a16b1e\">\n<div class=\"gb-element-0e36a24d aos-slide-right\">\n<div class=\"gb-element-97a5e696\">\n<p class=\"gb-text-0d65a3fe\"><span class=\"gb-shape\"><svg xmlns=\"http:\/\/www.w3.org\/2000\/svg\" aria-hidden=\"true\" role=\"img\" height=\"1em\" width=\"1em\" viewbox=\"0 0 512 512\"><path fill=\"currentColor\" d=\"M173.898 439.404l-166.4-166.4c-9.997-9.997-9.997-26.206 0-36.204l36.203-36.204c9.997-9.998 26.207-9.998 36.204 0L192 312.69 432.095 72.596c9.997-9.997 26.207-9.997 36.204 0l36.203 36.204c9.997 9.997 9.997 26.206 0 36.204l-294.4 294.401c-9.998 9.997-26.207 9.997-36.204-.001z\"><\/path><\/svg><\/span><\/p>\n\n\n\n<h3 class=\"gb-text gb-text-dd427daf\">Creaci\u00f3n de c\u00f3mics y newsletters<\/h3>\n<\/div>\n<\/div>\n\n\n\n<div class=\"gb-element-46ade8de aos-slide-down\">\n<div class=\"gb-element-b283b368\">\n<p class=\"gb-text-37a4b2f4\"><span class=\"gb-shape\"><svg xmlns=\"http:\/\/www.w3.org\/2000\/svg\" aria-hidden=\"true\" role=\"img\" height=\"1em\" width=\"1em\" viewbox=\"0 0 512 512\"><path fill=\"currentColor\" d=\"M173.898 439.404l-166.4-166.4c-9.997-9.997-9.997-26.206 0-36.204l36.203-36.204c9.997-9.998 26.207-9.998 36.204 0L192 312.69 432.095 72.596c9.997-9.997 26.207-9.997 36.204 0l36.203 36.204c9.997 9.997 9.997 26.206 0 36.204l-294.4 294.401c-9.998 9.997-26.207 9.997-36.204-.001z\"><\/path><\/svg><\/span><\/p>\n\n\n\n<h3 class=\"gb-text gb-text-b267ab56\">Elaboraci\u00f3n de indumentaria de superh\u00e9roes y superhero\u00ednas<\/h3>\n<\/div>\n<\/div>\n\n\n\n<div class=\"gb-element-0cf9912c aos-slide-left\">\n<div class=\"gb-element-48709b58\">\n<p class=\"gb-text-1cc1762b\"><span class=\"gb-shape\"><svg xmlns=\"http:\/\/www.w3.org\/2000\/svg\" aria-hidden=\"true\" role=\"img\" height=\"1em\" width=\"1em\" viewbox=\"0 0 512 512\"><path fill=\"currentColor\" d=\"M173.898 439.404l-166.4-166.4c-9.997-9.997-9.997-26.206 0-36.204l36.203-36.204c9.997-9.998 26.207-9.998 36.204 0L192 312.69 432.095 72.596c9.997-9.997 26.207-9.997 36.204 0l36.203 36.204c9.997 9.997 9.997 26.206 0 36.204l-294.4 294.401c-9.998 9.997-26.207 9.997-36.204-.001z\"><\/path><\/svg><\/span><\/p>\n\n\n\n<h3 class=\"gb-text gb-text-a45f7404\">B\u00fasqueda de materiales perdidos (gincanas, room escapes, juegos de pistas\u2026)<\/h3>\n<\/div>\n<\/div>\n\n\n\n<div class=\"gb-element-fe95b6b9 aos-slide-right\">\n<div class=\"gb-element-c7a481ab\">\n<p class=\"gb-text-88e0c725\"><span class=\"gb-shape\"><svg xmlns=\"http:\/\/www.w3.org\/2000\/svg\" aria-hidden=\"true\" role=\"img\" height=\"1em\" width=\"1em\" viewbox=\"0 0 512 512\"><path fill=\"currentColor\" d=\"M173.898 439.404l-166.4-166.4c-9.997-9.997-9.997-26.206 0-36.204l36.203-36.204c9.997-9.998 26.207-9.998 36.204 0L192 312.69 432.095 72.596c9.997-9.997 26.207-9.997 36.204 0l36.203 36.204c9.997 9.997 9.997 26.206 0 36.204l-294.4 294.401c-9.998 9.997-26.207 9.997-36.204-.001z\"><\/path><\/svg><\/span><\/p>\n\n\n\n<h3 class=\"gb-text gb-text-00559f47\">Juegos de agua<\/h3>\n<\/div>\n<\/div>\n\n\n\n<div class=\"gb-element-a424790c aos-slide-left\">\n<div class=\"gb-element-20c19114\">\n<p class=\"gb-text-ee4b59c5\"><span class=\"gb-shape\"><svg xmlns=\"http:\/\/www.w3.org\/2000\/svg\" aria-hidden=\"true\" role=\"img\" height=\"1em\" width=\"1em\" viewbox=\"0 0 512 512\"><path fill=\"currentColor\" d=\"M173.898 439.404l-166.4-166.4c-9.997-9.997-9.997-26.206 0-36.204l36.203-36.204c9.997-9.998 26.207-9.998 36.204 0L192 312.69 432.095 72.596c9.997-9.997 26.207-9.997 36.204 0l36.203 36.204c9.997 9.997 9.997 26.206 0 36.204l-294.4 294.401c-9.998 9.997-26.207 9.997-36.204-.001z\"><\/path><\/svg><\/span><\/p>\n\n\n\n<h3 class=\"gb-text gb-text-d6158dd4\">Juegos de agua<\/h3>\n<\/div>\n<\/div>\n\n\n\n<div class=\"gb-element-848949f9\">\n<div class=\"gb-element-3f1ebe05\">\n<p class=\"gb-text-437b9131\"><span class=\"gb-shape\"><svg xmlns=\"http:\/\/www.w3.org\/2000\/svg\" aria-hidden=\"true\" role=\"img\" height=\"1em\" width=\"1em\" viewbox=\"0 0 512 512\"><path fill=\"currentColor\" d=\"M173.898 439.404l-166.4-166.4c-9.997-9.997-9.997-26.206 0-36.204l36.203-36.204c9.997-9.998 26.207-9.998 36.204 0L192 312.69 432.095 72.596c9.997-9.997 26.207-9.997 36.204 0l36.203 36.204c9.997 9.997 9.997 26.206 0 36.204l-294.4 294.401c-9.998 9.997-26.207 9.997-36.204-.001z\"><\/path><\/svg><\/span><\/p>\n\n\n\n<h3 class=\"gb-text gb-text-0656ef6f\">Salidas y 1 noche fuera de la escuela<\/h3>\n<\/div>\n<\/div>\n<\/div>\n<\/div>\n<\/div>\n\n<div class=\"gb-element-d54daca4\">\n<div class=\"gb-element-64788341\">\n<h2 class=\"gb-text gb-text-813203a5 aos-fade\">\u00bfQU\u00c9 OBJETIVOS QUEREMOS TRABAJAR?<\/h2>\n\n\n\n<div class=\"gb-element-c5615727\">\n<div class=\"gb-element-9c0ab01d\">\n<div class=\"gb-element-748bb94f\">\n<div class=\"gb-element-2a1fb520 aos-slide-right\">\n<div>\n<p class=\"gb-text-4617b592\"><span class=\"gb-shape\"><svg xmlns=\"http:\/\/www.w3.org\/2000\/svg\" aria-hidden=\"true\" role=\"img\" height=\"1em\" width=\"1em\" viewbox=\"0 0 512 512\"><path fill=\"currentColor\" d=\"M173.898 439.404l-166.4-166.4c-9.997-9.997-9.997-26.206 0-36.204l36.203-36.204c9.997-9.998 26.207-9.998 36.204 0L192 312.69 432.095 72.596c9.997-9.997 26.207-9.997 36.204 0l36.203 36.204c9.997 9.997 9.997 26.206 0 36.204l-294.4 294.401c-9.998 9.997-26.207 9.997-36.204-.001z\"><\/path><\/svg><\/span><\/p>\n<\/div>\n\n\n\n<div>\n<p class=\"gb-text gb-text-50d63e5f\"><strong>Favorecer y reforzar un clima de convivencia y respeto<\/strong><\/p>\n<\/div>\n<\/div>\n\n\n\n<div class=\"gb-element-4ce49419 aos-slide-right\">\n<div>\n<p class=\"gb-text-b585f1f3\"><span class=\"gb-shape\"><svg xmlns=\"http:\/\/www.w3.org\/2000\/svg\" aria-hidden=\"true\" role=\"img\" height=\"1em\" width=\"1em\" viewbox=\"0 0 512 512\"><path fill=\"currentColor\" d=\"M173.898 439.404l-166.4-166.4c-9.997-9.997-9.997-26.206 0-36.204l36.203-36.204c9.997-9.998 26.207-9.998 36.204 0L192 312.69 432.095 72.596c9.997-9.997 26.207-9.997 36.204 0l36.203 36.204c9.997 9.997 9.997 26.206 0 36.204l-294.4 294.401c-9.998 9.997-26.207 9.997-36.204-.001z\"><\/path><\/svg><\/span><\/p>\n<\/div>\n\n\n\n<div>\n<p class=\"gb-text gb-text-29276bee\"><strong>Educar en valores<\/strong><\/p>\n<\/div>\n<\/div>\n\n\n\n<div class=\"gb-element-6532c938 aos-slide-right\">\n<div>\n<p class=\"gb-text-824c0eed\"><span class=\"gb-shape\"><svg xmlns=\"http:\/\/www.w3.org\/2000\/svg\" aria-hidden=\"true\" role=\"img\" height=\"1em\" width=\"1em\" viewbox=\"0 0 512 512\"><path fill=\"currentColor\" d=\"M173.898 439.404l-166.4-166.4c-9.997-9.997-9.997-26.206 0-36.204l36.203-36.204c9.997-9.998 26.207-9.998 36.204 0L192 312.69 432.095 72.596c9.997-9.997 26.207-9.997 36.204 0l36.203 36.204c9.997 9.997 9.997 26.206 0 36.204l-294.4 294.401c-9.998 9.997-26.207 9.997-36.204-.001z\"><\/path><\/svg><\/span><\/p>\n<\/div>\n\n\n\n<div>\n<p class=\"gb-text gb-text-a09b5667\"><strong>Trabajar por la socializaci\u00f3n e integraci\u00f3n social de ni\u00f1os<\/strong><\/p>\n<\/div>\n<\/div>\n\n\n\n<div class=\"gb-element-296a4f2f aos-slide-right\">\n<div>\n<p class=\"gb-text-89a99f65\"><span class=\"gb-shape\"><svg xmlns=\"http:\/\/www.w3.org\/2000\/svg\" aria-hidden=\"true\" role=\"img\" height=\"1em\" width=\"1em\" viewbox=\"0 0 512 512\"><path fill=\"currentColor\" d=\"M173.898 439.404l-166.4-166.4c-9.997-9.997-9.997-26.206 0-36.204l36.203-36.204c9.997-9.998 26.207-9.998 36.204 0L192 312.69 432.095 72.596c9.997-9.997 26.207-9.997 36.204 0l36.203 36.204c9.997 9.997 9.997 26.206 0 36.204l-294.4 294.401c-9.998 9.997-26.207 9.997-36.204-.001z\"><\/path><\/svg><\/span><\/p>\n<\/div>\n\n\n\n<div>\n<p class=\"gb-text gb-text-be7da90a\"><strong>Treballar la cohesi\u00f3 i el treball en equip<\/strong><\/p>\n<\/div>\n<\/div>\n<\/div>\n<\/div>\n\n\n\n<div class=\"gb-element-b028beb5\">\n<div class=\"gb-element-639a812b\">\n<div class=\"gb-element-103126c8 aos-slide-right\">\n<div>\n<p class=\"gb-text-296ce8e5\"><span class=\"gb-shape\"><svg xmlns=\"http:\/\/www.w3.org\/2000\/svg\" aria-hidden=\"true\" role=\"img\" height=\"1em\" width=\"1em\" viewbox=\"0 0 512 512\"><path fill=\"currentColor\" d=\"M173.898 439.404l-166.4-166.4c-9.997-9.997-9.997-26.206 0-36.204l36.203-36.204c9.997-9.998 26.207-9.998 36.204 0L192 312.69 432.095 72.596c9.997-9.997 26.207-9.997 36.204 0l36.203 36.204c9.997 9.997 9.997 26.206 0 36.204l-294.4 294.401c-9.998 9.997-26.207 9.997-36.204-.001z\"><\/path><\/svg><\/span><\/p>\n<\/div>\n\n\n\n<div>\n<p class=\"gb-text gb-text-3113fc5b\"><strong>Con\u00e8ixer la import\u00e0ncia del reaprofitament<\/strong><\/p>\n<\/div>\n<\/div>\n\n\n\n<div class=\"gb-element-66ca1cf9 aos-slide-right\">\n<div>\n<p class=\"gb-text-6b180b9d\"><span class=\"gb-shape\"><svg xmlns=\"http:\/\/www.w3.org\/2000\/svg\" aria-hidden=\"true\" role=\"img\" height=\"1em\" width=\"1em\" viewbox=\"0 0 512 512\"><path fill=\"currentColor\" d=\"M173.898 439.404l-166.4-166.4c-9.997-9.997-9.997-26.206 0-36.204l36.203-36.204c9.997-9.998 26.207-9.998 36.204 0L192 312.69 432.095 72.596c9.997-9.997 26.207-9.997 36.204 0l36.203 36.204c9.997 9.997 9.997 26.206 0 36.204l-294.4 294.401c-9.998 9.997-26.207 9.997-36.204-.001z\"><\/path><\/svg><\/span><\/p>\n<\/div>\n\n\n\n<div>\n<p class=\"gb-text gb-text-d8a76792\"><strong>Hacer volar la imaginaci\u00f3n y la capacidad creativa<\/strong><\/p>\n<\/div>\n<\/div>\n\n\n\n<div class=\"gb-element-7a299846 aos-slide-right\">\n<div>\n<p class=\"gb-text-b42d4901\"><span class=\"gb-shape\"><svg xmlns=\"http:\/\/www.w3.org\/2000\/svg\" aria-hidden=\"true\" role=\"img\" height=\"1em\" width=\"1em\" viewbox=\"0 0 512 512\"><path fill=\"currentColor\" d=\"M173.898 439.404l-166.4-166.4c-9.997-9.997-9.997-26.206 0-36.204l36.203-36.204c9.997-9.998 26.207-9.998 36.204 0L192 312.69 432.095 72.596c9.997-9.997 26.207-9.997 36.204 0l36.203 36.204c9.997 9.997 9.997 26.206 0 36.204l-294.4 294.401c-9.998 9.997-26.207 9.997-36.204-.001z\"><\/path><\/svg><\/span><\/p>\n<\/div>\n\n\n\n<div>\n<p class=\"gb-text gb-text-0c5a5891\"><strong>Trabajar para evitar el desperdicio<\/strong><\/p>\n<\/div>\n<\/div>\n\n\n\n<div class=\"gb-element-07c0e30e aos-slide-right\">\n<div>\n<p class=\"gb-text-9a68968a\"><span class=\"gb-shape\"><svg xmlns=\"http:\/\/www.w3.org\/2000\/svg\" aria-hidden=\"true\" role=\"img\" height=\"1em\" width=\"1em\" viewbox=\"0 0 512 512\"><path fill=\"currentColor\" d=\"M173.898 439.404l-166.4-166.4c-9.997-9.997-9.997-26.206 0-36.204l36.203-36.204c9.997-9.998 26.207-9.998 36.204 0L192 312.69 432.095 72.596c9.997-9.997 26.207-9.997 36.204 0l36.203 36.204c9.997 9.997 9.997 26.206 0 36.204l-294.4 294.401c-9.998 9.997-26.207 9.997-36.204-.001z\"><\/path><\/svg><\/span><\/p>\n<\/div>\n\n\n\n<div>\n<p class=\"gb-text gb-text-d285c2a1\"><strong>Favorecer la b\u00fasqueda de recursos para cuidar el planeta<\/strong><\/p>\n<\/div>\n<\/div>\n<\/div>\n<\/div>\n<\/div>\n<\/div>\n<\/div>\n\n<div class=\"gb-element-4c2d6922\">\n<div class=\"gb-element-4f9c9345\">\n<p class=\"gb-text gb-text-fa5ce5c9\">PIDE TU PRESUPUESTO<\/p>\n\n\n\n<h2 class=\"gb-text gb-text-4521ce86 aos-fade\">\u00bfBuscas una empresa para gestionar tu comedor escolar o servicio de tiempo libre?<\/h2>\n\n\n\n<p class=\"gb-text gb-text-7339ef43\">Si quieres mejorar o externalizar la gesti\u00f3n del comedor escolar, actividades extraescolares o cualquier servicio de ocio educativo, te proponemos una soluci\u00f3n personalizada y adaptada a las necesidades de tu centro.<\/p>\n\n\n\n<p class=\"gb-text gb-text-be002ad6\">Hablamos y construimos juntos un proyecto educativo s\u00f3lido, coherente y de calidad.<\/p>\n\n\n\n<a class=\"gb-text gb-text-4a9a1e89\" href=\"https:\/\/www.vadelleure.cat\/es\/contacto\/\">contactar ahora<\/a>\n<\/div>\n<\/div>\n","protected":false},"excerpt":{"rendered":"<p>TIEMPO LIBRE EDUCATIVO PROFESIONAL Acad\u00e8mia Extraordin\u00e0ria Nos encontramos en una academia extraordinaria, a la que s\u00f3lo tienen acceso personas superespeciales para formarse como superh\u00e9roes y superhero\u00ednas. El\/la director\/a de la academia ser\u00e1 el encargado de pedir ayuda a antiguos alumnos &#8230; <a title=\"Academia Extraordinaria\" class=\"read-more\" href=\"https:\/\/www.vadelleure.cat\/es\/casales-campus-verano\/academia-extraordinaria\/\" aria-label=\"Leer m\u00e1s sobre Academia Extraordinaria\">Read More<\/a><\/p>\n","protected":false},"author":1,"featured_media":5721,"parent":5846,"menu_order":0,"comment_status":"closed","ping_status":"closed","template":"","meta":{"footnotes":""},"class_list":["post-5852","page","type-page","status-publish","has-post-thumbnail"],"_links":{"self":[{"href":"https:\/\/www.vadelleure.cat\/es\/wp-json\/wp\/v2\/pages\/5852","targetHints":{"allow":["GET"]}}],"collection":[{"href":"https:\/\/www.vadelleure.cat\/es\/wp-json\/wp\/v2\/pages"}],"about":[{"href":"https:\/\/www.vadelleure.cat\/es\/wp-json\/wp\/v2\/types\/page"}],"author":[{"embeddable":true,"href":"https:\/\/www.vadelleure.cat\/es\/wp-json\/wp\/v2\/users\/1"}],"replies":[{"embeddable":true,"href":"https:\/\/www.vadelleure.cat\/es\/wp-json\/wp\/v2\/comments?post=5852"}],"version-history":[{"count":4,"href":"https:\/\/www.vadelleure.cat\/es\/wp-json\/wp\/v2\/pages\/5852\/revisions"}],"predecessor-version":[{"id":5898,"href":"https:\/\/www.vadelleure.cat\/es\/wp-json\/wp\/v2\/pages\/5852\/revisions\/5898"}],"up":[{"embeddable":true,"href":"https:\/\/www.vadelleure.cat\/es\/wp-json\/wp\/v2\/pages\/5846"}],"wp:featuredmedia":[{"embeddable":true,"href":"https:\/\/www.vadelleure.cat\/es\/wp-json\/wp\/v2\/media\/5721"}],"wp:attachment":[{"href":"https:\/\/www.vadelleure.cat\/es\/wp-json\/wp\/v2\/media?parent=5852"}],"curies":[{"name":"wp","href":"https:\/\/api.w.org\/{rel}","templated":true}]}}