{"id":5907,"date":"2026-03-26T11:54:20","date_gmt":"2026-03-26T10:54:20","guid":{"rendered":"https:\/\/www.vadelleure.cat\/aviso-legal\/"},"modified":"2026-03-30T12:17:52","modified_gmt":"2026-03-30T11:17:52","slug":"aviso-legal","status":"publish","type":"page","link":"https:\/\/www.vadelleure.cat\/es\/aviso-legal\/","title":{"rendered":"Aviso Legal"},"content":{"rendered":"\n<div class=\"gb-element-a999227f\">\n<div class=\"gb-element-8e3cb5fd\">\n<h1 class=\"gb-text\">Aviso Legal<\/h1>\n\n\n\n<p>En virtud del Reglamento UE 2016\/679, de 27 de abril, relativo a la protecci\u00f3n de las personas f\u00edsicas en lo que respecta al tratamiento de datos personales y a la libre circulaci\u00f3n de estos (RGPD), y la Ley 15\/1999 de 13 de diciembre sobre la Protecci\u00f3n de Datos de car\u00e1cter personal (LOPD), le informamos que sus datos introducidos en alguno de los formularios de esta p\u00e1gina web, estar\u00e1n incorporados dentro de un fichero automatizado responsabilidad de DLLEURE GESTI\u00d3 EXTRAESCOLARS, S.L., provisto de CIF n\u00fam. B-61922530, y domiciliada en la Calle Pius XII, n\u00fam. 5, de Granollers (08401). La finalidad de este fichero es gestionar el servicio solicitado por las Escuelas, Ayuntamientos, Casales, otras Empresas Privadas y las familias a t\u00edtulo particular.<\/p>\n\n\n\n<p>El usuario garantiza la autenticidad de todos aquellos datos que comunique a trav\u00e9s de <a href=\"http:\/\/www.dlleure.cat\/\" target=\"_blank\" rel=\"noreferrer noopener\">www.dlleure.cat<\/a> y mantendr\u00e1 actualizada la informaci\u00f3n que facilite a la Empresa, de forma que responda en todo momento a su situaci\u00f3n real, siendo el \u00fanico responsable de las manifestaciones falsas o inexactas que realice, as\u00ed como de los perjuicios que cause por esta raz\u00f3n a DLLEURE o a terceros.<\/p>\n\n\n\n<p>DLLEURE no puede asumir ninguna responsabilidad derivada del uso incorrecto, inapropiado o il\u00edcito de la informaci\u00f3n aparecida en las p\u00e1ginas de Internet de DLLEURE.<\/p>\n\n\n\n<p>Con los l\u00edmites establecidos en la ley, DLLEURE no asume ninguna responsabilidad derivada de la falta de veracidad, integridad, actualizaci\u00f3n y precisi\u00f3n de los datos o informaciones que contienen sus p\u00e1ginas de internet. Los contenidos e informaciones de las p\u00e1ginas de internet de DLLEURE est\u00e1n elaborados por profesionales debidamente cualificados para el ejercicio de su profesi\u00f3n. No obstante, los contenidos no la vinculan, ni constituyen opiniones, consejos o asesoramiento legal de cualquier tipo, pues solo se trata de un servicio ofrecido con car\u00e1cter informativo y divulgativo.  <\/p>\n\n\n\n<p>Los textos, im\u00e1genes, sonidos, animaciones, software y el resto de contenidos incluidos en este website son propiedad exclusiva de DLLEURE o sus licenciantes.<\/p>\n\n\n\n<p>Cualquier acto de transmisi\u00f3n, distribuci\u00f3n, cesi\u00f3n, reproducci\u00f3n, almacenamiento o comunicaci\u00f3n p\u00fablica total o parcial, debe contar con el consentimiento expreso de DLLEURE.<\/p>\n\n\n\n<p>Asimismo, para acceder a los servicios que DLLEURE ofrece a trav\u00e9s de la website, deber\u00e1 proporcionar algunos datos de car\u00e1cter personal. En cumplimiento de lo establecido en el RGPD 2016\/679, de 27 de abril, y la LOPD 15\/1999, de 13 de diciembre, le informamos que sus datos personales quedar\u00e1n incorporados y ser\u00e1n tratados en los ficheros de DLLEURE, con la finalidad de prestarle y ofrecerle nuestros servicios. <\/p>\n\n\n\n<p>Asimismo, le informamos de la posibilidad de ejercer los derechos de acceso, rectificaci\u00f3n y supresi\u00f3n de datos y los de limitaci\u00f3n y oposici\u00f3n al tratamiento enviando un correo electr\u00f3nico a <a href=\"mailto:mtorrellas@dlleure.cat\">mtorrellas@dlleure.cat<\/a>.<\/p>\n\n\n\n<p><strong>PROPIEDAD INDUSTRIAL E INTELECTUAL<\/strong><\/p>\n\n\n\n<p>Los contenidos proporcionados por DLLEURE est\u00e1n sujetos a los derechos de propiedad intelectual e industrial y son titularidad exclusiva de DLLEURE o de las personas f\u00edsicas o jur\u00eddicas que se informe mediante la adquisici\u00f3n de un producto o servicio.<\/p>\n\n\n\n<p>DLLEURE no confiere al adquirente ning\u00fan derecho de alteraci\u00f3n, explotaci\u00f3n, reproducci\u00f3n, distribuci\u00f3n o comunicaci\u00f3n p\u00fablica sobre el mismo, reserv\u00e1ndose DLLEURE todos estos derechos.<\/p>\n\n\n\n<p>La cesi\u00f3n de estos derechos precisar\u00e1 el consentimiento previo por escrito del titular de los mismos, de manera que el cliente no podr\u00e1 poner a disposici\u00f3n de terceras personas estos contenidos.<\/p>\n\n\n\n<p>La propiedad intelectual se extiende, adem\u00e1s del contenido incluido en DLLEURE, a sus gr\u00e1ficos, logotipos, dise\u00f1os, im\u00e1genes y c\u00f3digos fuente utilizados para su programaci\u00f3n.<\/p>\n\n\n\n<p>DLLEURE ha obtenido la Informaci\u00f3n y los materiales incluidos en la web de fuentes consideradas como fiables y, si bien se han tomado medidas razonables para asegurarse de que la informaci\u00f3n contenida sea la correcta, DLLEURE no puede garantizar que en todo momento y circunstancia esta informaci\u00f3n sea exacta, completa, actualizada y, en consecuencia, no se debe confiar en ella como si lo fuera. DLLEURE declina expresamente cualquier responsabilidad por error u omisi\u00f3n en la informaci\u00f3n contenida en las p\u00e1ginas de esta web. <\/p>\n\n\n\n<p>DLLEURE se reserva la facultad de modificar, suspender, cancelar o restringir el contenido de la web, los v\u00ednculos o la informaci\u00f3n obtenida a trav\u00e9s de ella, sin necesidad de aviso previo. Esta, en ning\u00fan caso, asume responsabilidad alguna como consecuencia de la utilizaci\u00f3n incorrecta de la web que pueda hacer el usuario, tanto de la informaci\u00f3n como de los servicios incluidos. <\/p>\n\n\n\n<p>En ning\u00fan caso DLLEURE, sus sucursales y\/o centros de trabajo, sus directores y\/o apoderados, empleados y, en general, el personal autorizado ser\u00e1 responsable de cualquier tipo de perjuicio, p\u00e9rdida, reclamaci\u00f3n o gasto, tanto si procede directa o indirectamente, del uso y\/o difusi\u00f3n de la web o de la Informaci\u00f3n adquirida o accedida por o a trav\u00e9s de esta o de sus virus inform\u00e1ticos, de errores operativos o de interrupciones en los servicios o transmisi\u00f3n o de errores en la l\u00ednea en el uso de la web, tanto por conexi\u00f3n directa como por v\u00ednculo u otro medio, constituyendo a todos los efectos legales un aviso a cualquier usuario de que estas posibilidades y actos puedan ocurrir.<\/p>\n\n\n\n<p>DLLEURE no se hace responsable de las webs no propias a las que se pueda acceder mediante v\u00ednculos o enlaces (\u201clinks\u201d) o de cualquier contenido puesto a disposici\u00f3n de terceros. Cualquier uso de un v\u00ednculo o acceso a una web no propia ser\u00e1 realizado por voluntad y riesgo totalmente exclusivo del usuario. DLLEURE no recomienda ni garantiza ninguna de la\/s Informaci\u00f3n\/es obtenida\/s por o a trav\u00e9s de un v\u00ednculo, ni se responsabiliza de ninguna p\u00e9rdida, reclamaci\u00f3n o perjuicio derivado del uso o mal uso de un v\u00ednculo, o de la Informaci\u00f3n obtenida a trav\u00e9s de \u00e9l, incluidos otros v\u00ednculos o webs, de la interrupci\u00f3n en el servicio o en el acceso, o del intento de utilizar o de utilizar mal un v\u00ednculo, tanto al conectar a la web de DLLEURE como al acceder a la informaci\u00f3n de otras webs desde la misma.   <\/p>\n\n\n\n<p>Los derechos de propiedad intelectual y marcas de terceros est\u00e1n destacados convenientemente y deben ser respetados por todo aquel que acceda a esta p\u00e1gina, no siendo responsabilidad de DLLEURE el uso que el usuario pueda llevar a cabo al respecto, recayendo la responsabilidad exclusiva en su persona. <\/p>\n\n\n\n<p><strong>LEY APLICABLE Y JURISDICCI\u00d3N<\/strong><\/p>\n\n\n\n<p>Las presentes condiciones generales se rigen por la Legislaci\u00f3n espa\u00f1ola, siendo competentes los Juzgados y Tribunales espa\u00f1oles para conocer cualquier cuesti\u00f3n que se suscite sobre la interpretaci\u00f3n, aplicaci\u00f3n y cumplimiento de las mismas. El usuario, por virtud de su aceptaci\u00f3n a las condiciones generales recogidas en este aviso legal, renuncia expresamente a cualquier fuero que, por aplicaci\u00f3n de la Ley de Enjuiciamiento Civil vigente, pudiera corresponderle. <\/p>\n\n\n\n<p><strong>ACCESIBILIDAD<\/strong><\/p>\n\n\n\n<p>Nos hemos comprometido a hacer accesible nuestro sitio web cumpliendo el nivel AA de las Pautas WCAG-2.1.<br\/>Esta declaraci\u00f3n de accesibilidad se aplica a este sitio web.<\/p>\n\n\n\n<p><strong>Contenido no accesible<\/strong><\/p>\n\n\n\n<p>Podr\u00edan existir documentos ofim\u00e1ticos en PDF y otros formatos publicados posteriormente al 20 de septiembre de 2018 que no cumplan totalmente los requisitos de accesibilidad.<br\/>Podr\u00edan existir errores de c\u00f3digo puntuales de edici\u00f3n en alguna p\u00e1gina web.<\/p>\n\n\n\n<p><strong>Preparaci\u00f3n para la siguiente declaraci\u00f3n de accesibilidad<\/strong><\/p>\n\n\n\n<p>Esta declaraci\u00f3n fue preparada con un m\u00e9todo de autoevaluaci\u00f3n el 01 de febrero de 2023.<\/p>\n\n\n\n<p><strong>Observaciones y datos de contacto<\/strong><\/p>\n\n\n\n<p>Puede realizar comunicaciones sobre requisitos de accesibilidad a trav\u00e9s del formulario de contacto de este sitio web o a trav\u00e9s del mail de contacto.<\/p>\n\n\n\n<p>En la Solicitud de informaci\u00f3n accesible, es necesario concretar, con toda claridad, los hechos, las razones y la petici\u00f3n que permitan constatar que se trata de una solicitud razonable y leg\u00edtima.<br\/>La aplicaci\u00f3n de las reclamaciones sobre accesibilidad se tendr\u00e1 en cuenta y posiblemente quedar\u00e1n aplicadas en pr\u00f3ximas actualizaciones.<\/p>\n<\/div>\n<\/div>\n","protected":false},"excerpt":{"rendered":"<p>Aviso Legal En virtud del Reglamento UE 2016\/679, de 27 de abril, relativo a la protecci\u00f3n de las personas f\u00edsicas en lo que respecta al tratamiento de datos personales y a la libre circulaci\u00f3n de estos (RGPD), y la Ley &#8230; <a title=\"Aviso Legal\" class=\"read-more\" href=\"https:\/\/www.vadelleure.cat\/es\/aviso-legal\/\" aria-label=\"Leer m\u00e1s sobre Aviso Legal\">Read More<\/a><\/p>\n","protected":false},"author":1,"featured_media":0,"parent":0,"menu_order":0,"comment_status":"closed","ping_status":"closed","template":"","meta":{"footnotes":""},"class_list":["post-5907","page","type-page","status-publish"],"_links":{"self":[{"href":"https:\/\/www.vadelleure.cat\/es\/wp-json\/wp\/v2\/pages\/5907","targetHints":{"allow":["GET"]}}],"collection":[{"href":"https:\/\/www.vadelleure.cat\/es\/wp-json\/wp\/v2\/pages"}],"about":[{"href":"https:\/\/www.vadelleure.cat\/es\/wp-json\/wp\/v2\/types\/page"}],"author":[{"embeddable":true,"href":"https:\/\/www.vadelleure.cat\/es\/wp-json\/wp\/v2\/users\/1"}],"replies":[{"embeddable":true,"href":"https:\/\/www.vadelleure.cat\/es\/wp-json\/wp\/v2\/comments?post=5907"}],"version-history":[{"count":2,"href":"https:\/\/www.vadelleure.cat\/es\/wp-json\/wp\/v2\/pages\/5907\/revisions"}],"predecessor-version":[{"id":5909,"href":"https:\/\/www.vadelleure.cat\/es\/wp-json\/wp\/v2\/pages\/5907\/revisions\/5909"}],"wp:attachment":[{"href":"https:\/\/www.vadelleure.cat\/es\/wp-json\/wp\/v2\/media?parent=5907"}],"curies":[{"name":"wp","href":"https:\/\/api.w.org\/{rel}","templated":true}]}}