{"id":5936,"date":"2026-03-26T11:55:21","date_gmt":"2026-03-26T10:55:21","guid":{"rendered":"https:\/\/www.vadelleure.cat\/politica-de-privacidad\/"},"modified":"2026-03-30T12:44:49","modified_gmt":"2026-03-30T11:44:49","slug":"politica-de-privacidad","status":"publish","type":"page","link":"https:\/\/www.vadelleure.cat\/es\/politica-de-privacidad\/","title":{"rendered":"Pol\u00edtica de Privacidad"},"content":{"rendered":"\n<div class=\"gb-element-bc590629\">\n<div class=\"gb-element-dd4cf145\">\n<h1 class=\"gb-text\">Pol\u00edtica de Privacidad<\/h1>\n\n\n\n<p><strong>RESPONSABLE DEL TRATAMIENTO DE SUS DATOS PERSONALES<\/strong><\/p>\n\n\n\n<p>v Identidad del Responsable: DLLEURE GESTI\u00d3 EXTRAESCOLARS, S.L.<\/p>\n\n\n\n<p>v Nombre comercial: DLLEURE<\/p>\n\n\n\n<p>v CIF: B-66599986<\/p>\n\n\n\n<p>v Direcci\u00f3n: Pla\u00e7a Sant Cornel\u00b7li, n.\u00ba 2, de Cardedeu (08440) <\/p>\n\n\n\n<p>v Correo electr\u00f3nico: <a href=\"mailto:info@dlleure.cat\">info@dlleure.cat<\/a><\/p>\n\n\n\n<p>v Finalidad: servicios de organizaci\u00f3n y gesti\u00f3n de todo tipo de actividades de ocio (formaci\u00f3n, extraescolares, eventos y casales) para instituciones, empresas y familias.<\/p>\n\n\n\n<p>v Datos Delegado en protecci\u00f3n de datos: La Empresa s\u00ed dispone de \u00e9l. Pueden contactar a trav\u00e9s del correo electr\u00f3nico <a href=\"mailto:mtorrellas@dlleure.cat\">mtorrellas@dlleure.cat<\/a>. <\/p>\n\n\n\n<p>A los efectos de lo previsto en el Reglamento UE 2016\/679, de 27 de abril, los datos personales que env\u00ede a trav\u00e9s de los formularios de la p\u00e1gina web recibir\u00e1n el tratamiento de datos de los \u201cUsuarios de la web y suscriptores\u201d.<\/p>\n\n\n\n<p>Para el tratamiento de datos de nuestros usuarios, implementamos todas las medidas t\u00e9cnicas y organizativas de seguridad establecidas en la legislaci\u00f3n vigente, con el fin de proteger los derechos y libertades de los usuarios, habi\u00e9ndoles informado adecuadamente para que puedan ejercerlos.<\/p>\n\n\n\n<p><strong>PRINCIPIOS QUE APLICAREM A SU INFORMACI\u00d3N PERSONAL<\/strong><\/p>\n\n\n\n<p>En el tratamiento de sus datos personales, as\u00ed como los de su\/s hijo\/s, aplicaremos los siguientes principios que se ajustan a las exigencias del nuevo reglamento europeo de protecci\u00f3n de datos:<\/p>\n\n\n\n<p>\u2013 Principio de licitud, lealtad y transparencia: Siempre vamos a requerir su consentimiento para el tratamiento de sus datos personales para uno o varios fines espec\u00edficos de los que le informaremos previamente con absoluta transparencia.<br\/>\u2013 Principio de minimizaci\u00f3n de datos: Solo vamos a solicitar datos estrictamente necesarios en relaci\u00f3n con los fines para los que los requerimos. Los m\u00ednimos posibles. <br\/>\u2013 Principio de limitaci\u00f3n del plazo de conservaci\u00f3n: los datos ser\u00e1n mantenidos durante no m\u00e1s tiempo del necesario para los fines del tratamiento; en funci\u00f3n de la finalidad, le informaremos del plazo de conservaci\u00f3n correspondiente. En el caso de que existieran suscripciones, revisaremos peri\u00f3dicamente nuestras listas y eliminaremos aquellos registros inactivos durante un tiempo considerable.<br\/>\u2013 Principio de integridad y confidencialidad: Sus datos ser\u00e1n tratados de tal manera que se garantice una seguridad adecuada de los datos personales y se garantice la confidencialidad. Debe saber que tomamos todas las precauciones necesarias para evitar el acceso no autorizado o uso indebido de los datos de nuestros usuarios por parte de terceros. <\/p>\n\n\n\n<p><strong>\u00bfC\u00d3MO HEMOS OBTENIDO SUS DATOS Y LOS DE SU HIJO\/A?<\/strong><\/p>\n\n\n\n<p>Los datos personales que tratamos en DLLEURE.CAT proceden de:<\/p>\n\n\n\n<p>\u2013 Formulario de contacto<br\/>\u2013 Hojas de inscripci\u00f3n online<br\/>\u2013 Portal familias<\/p>\n\n\n\n<p><strong>\u00bfCU\u00c1LES SON SUS DERECHOS CUANDO NOS FACILITA SUS DATOS Y LOS DE SU HIJO\/A?<\/strong><\/p>\n\n\n\n<p>Cualquier persona tiene derecho a obtener confirmaci\u00f3n sobre si en DLLEURE.CAT estamos tratando datos personales que les conciernen, o no. <\/p>\n\n\n\n<p>Las personas interesadas tienen derecho a:<\/p>\n\n\n\n<p>\u2013 Solicitar el acceso a los datos personales relativos al interesado\/a<br\/>\u2013 Solicitar la rectificaci\u00f3n o supresi\u00f3n<br\/>\u2013 Solicitar la limitaci\u00f3n de su tratamiento<br\/>\u2013 Oponerse al tratamiento<br\/>\u2013 Solicitar la portabilidad de los datos<\/p>\n\n\n\n<p>Los interesados podr\u00e1n acceder a sus datos personales, as\u00ed como solicitar la rectificaci\u00f3n de los datos inexactos o, en su caso, solicitar su supresi\u00f3n cuando, entre otros motivos, los datos ya no sean necesarios para los fines para los que fueron recogidos. En determinadas circunstancias, los interesados podr\u00e1n solicitar la limitaci\u00f3n del tratamiento de sus datos, en cuyo caso \u00fanicamente los conservar\u00e9 para el ejercicio o la defensa de reclamaciones. <\/p>\n\n\n\n<p>En determinadas circunstancias y por motivos relacionados con su situaci\u00f3n particular, los interesados podr\u00e1n oponerse al tratamiento de sus datos. DLLEURE dejar\u00e1 de tratar los datos, excepto por motivos de imperativo legal, o el ejercicio o la defensa de posibles reclamaciones. <\/p>\n\n\n\n<p>Como interesado, tiene derecho a recibir los datos personales que le incumban, que nos haya facilitado y en un formato estructurado, de uso com\u00fan y lectura mec\u00e1nica, y a transmitirlos a otro responsable del tratamiento cuando:<\/p>\n\n\n\n<p>\u2013 El tratamiento est\u00e9 basado en el consentimiento<br\/>\u2013 Los datos hayan sido facilitados por la persona interesada.<br\/>\u2013 El tratamiento se efect\u00fae por medios automatizados.<\/p>\n\n\n\n<p>Al ejercer su derecho a la portabilidad de los datos, tendr\u00e1 derecho a que los datos personales se transmitan directamente de responsable a responsable cuando sea t\u00e9cnicamente posible.<\/p>\n\n\n\n<p>Los interesados tambi\u00e9n tendr\u00e1n derecho a la tutela judicial efectiva y a presentar una reclamaci\u00f3n ante la autoridad de control, en este caso, la Agencia Espa\u00f1ola de Protecci\u00f3n de Datos, si consideran que el tratamiento de datos personales que le conciernen infringe el Reglamento.<\/p>\n\n\n\n<p><strong>\u00bfCON QU\u00c9 FINALIDAD TRATAMOS SUS DATOS PERSONALES Y LOS DE SU HIJO\/A?<\/strong><\/p>\n\n\n\n<p>Cuando un usuario se conecta con esta web, ya sea para comentar un post, enviar un correo al titular, suscribirse o realizar alguna contrataci\u00f3n, est\u00e1 facilitando informaci\u00f3n de car\u00e1cter personal de la que es responsable DLLEURE GESTI\u00d3 EXTRAESCOLARS, S.L. Esta informaci\u00f3n puede incluir datos de car\u00e1cter personal como pueden ser su direcci\u00f3n IP, nombre, direcci\u00f3n f\u00edsica, direcci\u00f3n de correo electr\u00f3nico, n\u00famero de tel\u00e9fono y otra informaci\u00f3n. Al facilitar esta informaci\u00f3n, el usuario da su consentimiento para que su informaci\u00f3n sea recopilada, utilizada, gestionada y almacenada por <a href=\"http:\/\/www.dlleure.cat\/\" target=\"_blank\" rel=\"noreferrer noopener\">www.dlleure.cat<\/a>, solo como se describe en el Aviso Legal y en la presente Pol\u00edtica de Privacidad, para la prestaci\u00f3n del servicio solicitado. <\/p>\n\n\n\n<p>En DLLEURE.CAT existen diferentes sistemas de captura de informaci\u00f3n personal y tratamos la informaci\u00f3n que nos facilitan las personas interesadas con el siguiente fin por cada sistema de captura (formularios):<\/p>\n\n\n\n<p>\u2013 Formulario de contacto: Solicitamos los siguientes datos personales: Nombre, Email, para responder a los requerimientos de los usuarios de <a href=\"http:\/\/www.mbegranollers.es\/\" target=\"_blank\" rel=\"noreferrer noopener\">www.dlleure.cat<\/a>. Por ejemplo, pueden utilizar estos datos para responder a su solicitud y dar respuesta a las dudas, quejas, comentarios o inquietudes que pueda tener relativas a la informaci\u00f3n incluida en la web, los servicios que se prestan a trav\u00e9s de la web, el tratamiento de sus datos personales, cuestiones referentes a los textos legales incluidos en la web, as\u00ed como cualesquiera otras consultas que pueda tener y que no est\u00e9n sujetas a las condiciones de contrataci\u00f3n. Le informo que los datos que nos facilita estar\u00e1n ubicados en los servidores de DLLEURE GESTIO EXTRAESCOLARS, S.L. dentro de la UE.  <\/p>\n\n\n\n<p>\u2013 Formulario de inscripci\u00f3n online: En este caso, se solicitan los datos personales: nombre, apellidos, correo electr\u00f3nico, tel\u00e9fono, y otros, para gestionar los boletines de inscripciones de las actividades extraescolares de los centros educativos, facilitados por el usuario al realizar el bolet\u00edn de inscripci\u00f3n.<\/p>\n\n\n\n<p>Existen otras finalidades por las que tratamos sus datos personales:<\/p>\n\n\n\n<p>\u2013 Para garantizar el cumplimiento de las condiciones de uso y la ley aplicable. Esto puede incluir el desarrollo de herramientas y algoritmos que ayuden a esta web a garantizar la confidencialidad de los datos personales que recoge. <br\/>\u2013 Para dar soporte y mejorar los servicios que ofrece esta web.<br\/>-Portal de acceso a las familias: En este caso, los usuarios (padres, tutores o representantes legales de los menores) disponen de un nombre y una contrase\u00f1a para acceder a la informaci\u00f3n confidencial de sus hijos menores respecto a los casales de verano que se realizan o realizar\u00e1n en alguno de los centros educativos publicados.<\/p>\n\n\n\n<p>De acuerdo con lo que establece el Reglamento Europeo 2016\/679 (RGPD), DLLEURE GESTI\u00d3 EXTRAESCOLARS, S.L., con domicilio en la Pla\u00e7a Sant Cornel\u00b7li n.\u00ba 2, de Cardedeu (08440 Barcelona), ser\u00e1 el RESPONSABLE DEL TRATAMIENTO de los datos correspondientes a Usuarios de la web.<\/p>\n\n\n\n<p>DLLEURE no vende, ni alquila ni cede datos de car\u00e1cter personal que puedan identificar al usuario, ni lo har\u00e1 en el futuro, a terceros sin el consentimiento previo. No obstante, en algunos casos se pueden realizar colaboraciones con otros profesionales; en estos casos, se requerir\u00e1 consentimiento a los usuarios informando sobre la identidad del colaborador y la finalidad de la colaboraci\u00f3n. Siempre se realizar\u00e1 con los m\u00e1s estrictos est\u00e1ndares de seguridad.  <\/p>\n\n\n\n<p><strong>LEGITIMACI\u00d3N PARA EL TRATAMIENTO DE SUS DATOS Y LOS DE SU HIJO\/A<\/strong><\/p>\n\n\n\n<p>La base legal para el tratamiento de sus datos es: el consentimiento del interesado, sobre todo, la del padre o madre o tutor legal del menor que realizar\u00e1 la actividad de ocio.<\/p>\n\n\n\n<p>Para contactar o realizar comentarios en esta web se requiere el consentimiento con esta pol\u00edtica de privacidad.<\/p>\n\n\n\n<p><strong>CATEGOR\u00cdA DE DATOS<\/strong><\/p>\n\n\n\n<p>Las categor\u00edas de datos que se tratan son datos identificativos.<\/p>\n\n\n\n<p>No se tratan categor\u00edas de datos especialmente protegidas.<\/p>\n\n\n\n<p><strong>\u00bfPOR CU\u00c1NTO TIEMPO CONSERVAREMOS SUS DATOS?<\/strong><\/p>\n\n\n\n<p>Los datos personales proporcionados se conservar\u00e1n mientras exista un inter\u00e9s mutuo para mantener la finalidad del tratamiento o hasta que el interesado solicite su supresi\u00f3n, y cuando ya no sean necesarios se destruir\u00e1n, salvo en los casos de mantenerlos por obligaci\u00f3n legal.<\/p>\n\n\n\n<p><strong>\u00bfA QU\u00c9 DESTINATARIOS SE COMUNICAR\u00c1N SUS DATOS?<\/strong><\/p>\n\n\n\n<p>Muchas herramientas que utilizamos sirven para gestionar sus datos para prestar servicios en las instalaciones que indican los Ayuntamientos, Escuelas, Casales, Empresas privadas o familias, donde se llevar\u00e1n a cabo las actividades extraescolares contratadas.<\/p>\n\n\n\n<p><strong>NAVEGACI\u00d3N<\/strong><\/p>\n\n\n\n<p>Al navegar por <a href=\"http:\/\/www.dlleure.cat\/\" target=\"_blank\" rel=\"noreferrer noopener\">www.dlleure.cat<\/a> se pueden recoger datos no identificables, que pueden incluir direcciones IP, ubicaci\u00f3n geogr\u00e1fica (aproximadamente), un registro de c\u00f3mo se utilizan los servicios y sitios, y otros datos que no pueden ser utilizados para identificar al usuario. Entre los datos no identificativos est\u00e1n tambi\u00e9n los relacionados con sus h\u00e1bitos de navegaci\u00f3n a trav\u00e9s de servicios de terceros. Esta web utiliza los siguientes servicios de an\u00e1lisis de terceros:  <\/p>\n\n\n\n<p>Utilizamos esta informaci\u00f3n para analizar tendencias, administrar el sitio, rastrear los movimientos de los usuarios alrededor del sitio y para recopilar informaci\u00f3n demogr\u00e1fica sobre nuestra base de usuarios en su conjunto.<\/p>\n\n\n\n<p><strong>SECRETO Y SEGURIDAD DE LOS DATOS<\/strong><\/p>\n\n\n\n<p>DLLEURE se compromete al uso y tratamiento de los datos personales incluidos de los usuarios, respetando su confidencialidad y a utilizarlos de acuerdo con la finalidad del mismo, as\u00ed como a dar cumplimiento a su obligaci\u00f3n de guardar y adaptar todas las medidas para evitar la alteraci\u00f3n, p\u00e9rdida, tratamiento o acceso no autorizado, de conformidad con lo que establece la normativa vigente de protecci\u00f3n de datos.<\/p>\n\n\n\n<p>Esta web incluye un certificado SSL. Se trata de un protocolo de seguridad que hace que sus datos viajen de manera \u00edntegra y segura, es decir, la transmisi\u00f3n de los datos entre un servidor y usuario web, y en retroalimentaci\u00f3n, es totalmente cifrada o encriptada. <\/p>\n\n\n\n<p>DLLEURE no puede garantizar la absoluta inexpugnabilidad de la red Internet y, por tanto, la violaci\u00f3n de los datos mediante accesos fraudulentos a ellos por parte de terceros.<\/p>\n\n\n\n<p>En cuanto a la confidencialidad del procesamiento, DLLEURE debe asegurarse de que cualquier persona que est\u00e9 autorizada por la Empresa para procesar los datos del cliente (incluido su personal, colaboradores y prestadores), estar\u00e1 bajo la obligaci\u00f3n apropiada de confidencialidad (ya sea un deber contractual o legal).<\/p>\n\n\n\n<p>Cuando se presente alg\u00fan incidente de seguridad, DLLEURE debe notificar al Cliente sin demoras indebidas y debe proporcionar informaci\u00f3n oportuna relacionada con el Incidente de Seguridad tal como se conozca o cuando el Cliente lo solicite razonablemente.<\/p>\n\n\n\n<p><strong>EXACTITUD Y VERACIDAD DE LOS DATOS<\/strong><\/p>\n\n\n\n<p>Como usuario, es el \u00fanico responsable de la veracidad y correcci\u00f3n de los datos que remita a DLLEURE, exonerando a la Empresa de cualquier responsabilidad al respecto.<\/p>\n\n\n\n<p>Los usuarios garantizan y responden, en cualquier caso, de la exactitud, vigencia y autenticidad de los datos personales facilitados respecto a sus hijos, y se comprometen a mantenerlos debidamente actualizados. El usuario acepta proporcionar informaci\u00f3n completa y correcta en el formulario de contacto o suscripci\u00f3n. <\/p>\n\n\n\n<p><strong>ACEPTACI\u00d3N Y CONSENTIMIENTO<\/strong><\/p>\n\n\n\n<p>El usuario declara haber sido informado de las condiciones sobre protecci\u00f3n de datos de car\u00e1cter personal, aceptando y consintiendo el tratamiento de los mismos por parte de DLLEURE en la forma y para las finalidades indicadas en esta pol\u00edtica de privacidad.<\/p>\n\n\n\n<p><strong>REVOCABILIDAD<\/strong><\/p>\n\n\n\n<p>El consentimiento prestado, tanto por el tratamiento como para la cesi\u00f3n de los datos de los interesados, es revocable en cualquier momento comunic\u00e1ndolo a DLLEURE en los t\u00e9rminos que establece esta Pol\u00edtica para el ejercicio de los derechos. Esta revocaci\u00f3n en ning\u00fan caso tendr\u00e1 car\u00e1cter retroactivo. <\/p>\n\n\n\n<p><strong>MENORES<\/strong><\/p>\n\n\n\n<p>Debido a los servicios que presta esta Empresa, los menores de 14 a\u00f1os no podr\u00e1n utilizar los servicios disponibles a trav\u00e9s de esta p\u00e1gina web; \u00fanicamente podr\u00e1n hacerlo a trav\u00e9s de sus padres, tutores o representantes legales, los cuales ser\u00e1n los \u00fanicos responsables de todos los actos realizados a trav\u00e9s del sitio web por los menores a su cargo, incluyendo la cumplimentaci\u00f3n de los formularios con los datos personales de estos menores y la marcaci\u00f3n, en su caso, de las casillas que los acompa\u00f1an. En este sentido, y en la medida en que la empresa no tiene capacidad para controlar si los usuarios son o no menores de edad, se advierte que deber\u00e1n ser los padres o tutores legales los que habiliten los mecanismos necesarios para evitar que los menores accedan al Sitio Web y\/o faciliten datos de car\u00e1cter personal sin su supervisi\u00f3n, no admitiendo la Sociedad y las Entidades colaboradoras responsabilidad al respecto. <\/p>\n\n\n\n<p><strong>MEDIDAS DE SEGURIDAD<\/strong><\/p>\n\n\n\n<p>De conformidad con lo dispuesto en las normativas vigentes en protecci\u00f3n de datos personales, el RESPONSABLE est\u00e1 cumpliendo con todas las disposiciones de las normativas RGPD y LOPD para el tratamiento de los datos personales de su responsabilidad, y manifiestamente con los principios descritos en el art\u00edculo 5 del RGPD y en el art\u00edculo 4 de la LOPD, por los cuales son tratados de manera l\u00edcita, leal y transparente en relaci\u00f3n con el interesado y adecuados, pertinentes y limitados a lo necesario en relaci\u00f3n con los fines para los que son tratados.<\/p>\n\n\n\n<p><strong>CAMBIOS EN LA POL\u00cdTICA DE PRIVACIDAD<\/strong><\/p>\n\n\n\n<p>DLLEURE se reserva el derecho a modificar la presente pol\u00edtica para adaptarla a novedades legislativas o jurisprudenciales, as\u00ed como a pr\u00e1cticas de la industria. En dichos supuestos, DLLEURE anunciar\u00e1 en esta p\u00e1gina los cambios introducidos con razonable antelaci\u00f3n a su puesta en pr\u00e1ctica. <\/p>\n\n\n\n<p><strong>CORREOS COMERCIALES<\/strong><\/p>\n\n\n\n<p>De acuerdo con la LSSICE, <a href=\"http:\/\/www.dlleure.cat\/\" target=\"_blank\" rel=\"noreferrer noopener\">www.dlleure.cat<\/a> no realiza pr\u00e1cticas de SPAM, por lo que no env\u00eda correos comerciales por v\u00eda electr\u00f3nica que no hayan sido previamente solicitados o autorizados por el usuario. En consecuencia, en cada uno de los formularios que ha habido en la web, el usuario tiene la posibilidad de dar su consentimiento para recibir el bolet\u00edn, con independencia de la informaci\u00f3n comercial puntualmente solicitada. De acuerdo con lo dispuesto en la Ley 34\/2002 de Servicios de la Sociedad de la Informaci\u00f3n y de comercio electr\u00f3nico, DLLEURE se compromete a no enviar comunicaciones de car\u00e1cter comercial sin identificarlas debidamente, y sin obtener previamente su consentimiento.  <\/p>\n\n\n\n<p>Igualmente, si usted no desea recibir m\u00e1s informaci\u00f3n sobre nuestros servicios, puede darse de baja en la siguiente direcci\u00f3n de correo electr\u00f3nico de la entidad <a href=\"mailto:info@dlleure.cat\">info@dlleure.cat<\/a>.<\/p>\n<\/div>\n<\/div>\n","protected":false},"excerpt":{"rendered":"<p>Pol\u00edtica de Privacidad RESPONSABLE DEL TRATAMIENTO DE SUS DATOS PERSONALES v Identidad del Responsable: DLLEURE GESTI\u00d3 EXTRAESCOLARS, S.L. v Nombre comercial: DLLEURE v CIF: B-66599986 v Direcci\u00f3n: Pla\u00e7a Sant Cornel\u00b7li, n.\u00ba 2, de Cardedeu (08440) v Correo electr\u00f3nico: info@dlleure.cat v &#8230; <a title=\"Pol\u00edtica de Privacidad\" class=\"read-more\" href=\"https:\/\/www.vadelleure.cat\/es\/politica-de-privacidad\/\" aria-label=\"Leer m\u00e1s sobre Pol\u00edtica de Privacidad\">Read More<\/a><\/p>\n","protected":false},"author":1,"featured_media":0,"parent":0,"menu_order":0,"comment_status":"closed","ping_status":"closed","template":"","meta":{"footnotes":""},"class_list":["post-5936","page","type-page","status-publish"],"_links":{"self":[{"href":"https:\/\/www.vadelleure.cat\/es\/wp-json\/wp\/v2\/pages\/5936","targetHints":{"allow":["GET"]}}],"collection":[{"href":"https:\/\/www.vadelleure.cat\/es\/wp-json\/wp\/v2\/pages"}],"about":[{"href":"https:\/\/www.vadelleure.cat\/es\/wp-json\/wp\/v2\/types\/page"}],"author":[{"embeddable":true,"href":"https:\/\/www.vadelleure.cat\/es\/wp-json\/wp\/v2\/users\/1"}],"replies":[{"embeddable":true,"href":"https:\/\/www.vadelleure.cat\/es\/wp-json\/wp\/v2\/comments?post=5936"}],"version-history":[{"count":2,"href":"https:\/\/www.vadelleure.cat\/es\/wp-json\/wp\/v2\/pages\/5936\/revisions"}],"predecessor-version":[{"id":5938,"href":"https:\/\/www.vadelleure.cat\/es\/wp-json\/wp\/v2\/pages\/5936\/revisions\/5938"}],"wp:attachment":[{"href":"https:\/\/www.vadelleure.cat\/es\/wp-json\/wp\/v2\/media?parent=5936"}],"curies":[{"name":"wp","href":"https:\/\/api.w.org\/{rel}","templated":true}]}}